{"id":282,"date":"2023-12-28T13:28:14","date_gmt":"2023-12-28T12:28:14","guid":{"rendered":"http:\/\/kitdigitalpara.com\/?page_id=282"},"modified":"2023-12-29T14:08:22","modified_gmt":"2023-12-29T13:08:22","slug":"requisitos","status":"publish","type":"page","link":"https:\/\/kitdigitalpara.com\/ca\/requisitos\/","title":{"rendered":"\u00bfCu\u00e1les son los requisitos?"},"content":{"rendered":"<div data-elementor-type=\"wp-page\" data-elementor-id=\"282\" class=\"elementor elementor-282\" data-elementor-post-type=\"page\">\n\t\t\t\t<div class=\"elementor-element elementor-element-77700caf e-flex e-con-boxed e-con e-parent\" data-id=\"77700caf\" data-element_type=\"container\" id=\"requisitos\" data-settings=\"{&quot;background_background&quot;:&quot;gradient&quot;,&quot;shape_divider_bottom&quot;:&quot;waves&quot;}\">\n\t\t\t\t\t<div class=\"e-con-inner\">\n\t\t\t\t<div class=\"elementor-shape elementor-shape-bottom\" aria-hidden=\"true\" data-negative=\"false\">\n\t\t\t<svg xmlns=\"http:\/\/www.w3.org\/2000\/svg\" viewbox=\"0 0 1000 100\" preserveaspectratio=\"none\">\n\t<path class=\"elementor-shape-fill\" d=\"M421.9,6.5c22.6-2.5,51.5,0.4,75.5,5.3c23.6,4.9,70.9,23.5,100.5,35.7c75.8,32.2,133.7,44.5,192.6,49.7\tc23.6,2.1,48.7,3.5,103.4-2.5c54.7-6,106.2-25.6,106.2-25.6V0H0v30.3c0,0,72,32.6,158.4,30.5c39.2-0.7,92.8-6.7,134-22.4\tc21.2-8.1,52.2-18.2,79.7-24.2C399.3,7.9,411.6,7.5,421.9,6.5z\"\/>\n<\/svg>\t\t<\/div>\n\t\t<div class=\"elementor-element elementor-element-6c44b4db e-con-full e-flex e-con e-child\" data-id=\"6c44b4db\" data-element_type=\"container\">\n\t\t\t\t<div class=\"elementor-element elementor-element-11ca09e4 elementor-widget elementor-widget-heading\" data-id=\"11ca09e4\" data-element_type=\"widget\" data-widget_type=\"heading.default\">\n\t\t\t\t<div class=\"elementor-widget-container\">\n\t\t\t\t\t<h1 class=\"elementor-heading-title elementor-size-default\">\u00bfCu\u00e1les son los requisitos?<\/h1>\t\t\t\t<\/div>\n\t\t\t\t<\/div>\n\t\t\t\t<div class=\"elementor-element elementor-element-42f4681e elementor-widget elementor-widget-text-editor\" data-id=\"42f4681e\" data-element_type=\"widget\" data-widget_type=\"text-editor.default\">\n\t\t\t\t<div class=\"elementor-widget-container\">\n\t\t\t\t\t\t\t\t\t<ul class=\"ms-rteElement-Parrafo_Normal\"><li>Ser aut\u00f3nomo, SL, SA, SLU, ONG, asociaci\u00f3n, club, federaci\u00f3n, colegio, cooperativa&#8230; Y llevar m\u00e1s de 6 meses en activo.<\/li><li>Los \u00fanicos que no pueden solicitarlo son las comunidades de bienes, las asociaciones sin \u00e1nimo de lucro (que no tengan un IAE) y los CIF con J.<\/li><li>No tener consideraci\u00f3n de empresa en crisis.<\/li><li>Estar al corriente de pagos de las obligaciones tributarias y frente a la Seguridad Social.<\/li><li>No incurrir en ninguna de las prohibiciones previstas en la Ley General de Subvenciones.<\/li><li>Estar inscrito en el censo de empresarios, profesionales y retenedores de la Agencia Estatal, de Administraci\u00f3n Tributaria o en el censo equivalente de la Administraci\u00f3n Foral.<\/li><li>No superar el l\u00edmite de ayudas recibidas (200.000\u202f\u20ac).<\/li><\/ul><h2>\u00a0<\/h2>\t\t\t\t\t\t\t\t<\/div>\n\t\t\t\t<\/div>\n\t\t\t\t<div class=\"elementor-element elementor-element-65ac2ae6 elementor-mobile-align-center elementor-widget elementor-widget-button\" data-id=\"65ac2ae6\" data-element_type=\"widget\" id=\"mas requisitos\" data-widget_type=\"button.default\">\n\t\t\t\t<div class=\"elementor-widget-container\">\n\t\t\t\t\t\t\t\t\t<div class=\"elementor-button-wrapper\">\n\t\t\t\t\t<a class=\"elementor-button elementor-button-link elementor-size-md\" href=\"#mas%20requisitos\">\n\t\t\t\t\t\t<span class=\"elementor-button-content-wrapper\">\n\t\t\t\t\t\t<span class=\"elementor-button-icon\">\n\t\t\t\t<svg aria-hidden=\"true\" class=\"e-font-icon-svg e-fas-arrow-down\" viewbox=\"0 0 448 512\" xmlns=\"http:\/\/www.w3.org\/2000\/svg\"><path d=\"M413.1 222.5l22.2 22.2c9.4 9.4 9.4 24.6 0 33.9L241 473c-9.4 9.4-24.6 9.4-33.9 0L12.7 278.6c-9.4-9.4-9.4-24.6 0-33.9l22.2-22.2c9.5-9.5 25-9.3 34.3.4L184 343.4V56c0-13.3 10.7-24 24-24h32c13.3 0 24 10.7 24 24v287.4l114.8-120.5c9.3-9.8 24.8-10 34.3-.4z\"><\/path><\/svg>\t\t\t<\/span>\n\t\t\t\t\t\t\t\t\t<span class=\"elementor-button-text\">Mas<\/span>\n\t\t\t\t\t<\/span>\n\t\t\t\t\t<\/a>\n\t\t\t\t<\/div>\n\t\t\t\t\t\t\t\t<\/div>\n\t\t\t\t<\/div>\n\t\t\t\t<\/div>\n\t\t<div class=\"elementor-element elementor-element-5aa00f67 e-con-full e-flex e-con e-child\" data-id=\"5aa00f67\" data-element_type=\"container\">\n\t\t\t\t<div class=\"elementor-element elementor-element-4951cce7 elementor-widget elementor-widget-image\" data-id=\"4951cce7\" data-element_type=\"widget\" data-settings=\"{&quot;motion_fx_motion_fx_scrolling&quot;:&quot;yes&quot;,&quot;motion_fx_translateY_effect&quot;:&quot;yes&quot;,&quot;motion_fx_translateY_speed&quot;:{&quot;unit&quot;:&quot;px&quot;,&quot;size&quot;:&quot;1&quot;,&quot;sizes&quot;:[]},&quot;_animation&quot;:&quot;none&quot;,&quot;motion_fx_translateY_affectedRange&quot;:{&quot;unit&quot;:&quot;%&quot;,&quot;size&quot;:&quot;&quot;,&quot;sizes&quot;:{&quot;start&quot;:0,&quot;end&quot;:100}},&quot;motion_fx_devices&quot;:[&quot;desktop&quot;,&quot;tablet&quot;,&quot;mobile&quot;]}\" data-widget_type=\"image.default\">\n\t\t\t\t<div class=\"elementor-widget-container\">\n\t\t\t\t\t\t\t\t\t\t\t\t\t\t\t<img fetchpriority=\"high\" decoding=\"async\" width=\"533\" height=\"400\" src=\"https:\/\/kitdigitalpara.com\/wp-content\/uploads\/2023\/12\/kitDigitalParaRequisitos.webp\" class=\"attachment-full size-full wp-image-622\" alt=\"\" srcset=\"https:\/\/kitdigitalpara.com\/wp-content\/uploads\/2023\/12\/kitDigitalParaRequisitos.webp 533w, https:\/\/kitdigitalpara.com\/wp-content\/uploads\/2023\/12\/kitDigitalParaRequisitos-300x225.webp 300w\" sizes=\"(max-width: 533px) 100vw, 533px\" \/>\t\t\t\t\t\t\t\t\t\t\t\t\t\t\t<\/div>\n\t\t\t\t<\/div>\n\t\t\t\t<\/div>\n\t\t\t\t\t<\/div>\n\t\t\t\t<\/div>\n\t\t<div class=\"elementor-element elementor-element-18a372f e-con-full e-flex e-con e-child\" data-id=\"18a372f\" data-element_type=\"container\" id=\"mas requisitos\">\n\t\t<div class=\"elementor-element elementor-element-5b909c0 e-flex e-con-boxed e-con e-child\" data-id=\"5b909c0\" data-element_type=\"container\" data-settings=\"{&quot;background_background&quot;:&quot;classic&quot;}\">\n\t\t\t\t\t<div class=\"e-con-inner\">\n\t\t<div class=\"elementor-element elementor-element-07cd5a8 e-con-full e-flex e-con e-child\" data-id=\"07cd5a8\" data-element_type=\"container\">\n\t\t\t\t<div class=\"elementor-element elementor-element-94ebd99 elementor-widget elementor-widget-image\" data-id=\"94ebd99\" data-element_type=\"widget\" data-settings=\"{&quot;motion_fx_translateY_effect&quot;:&quot;yes&quot;,&quot;motion_fx_translateY_direction&quot;:&quot;negative&quot;,&quot;motion_fx_translateY_speed&quot;:{&quot;unit&quot;:&quot;px&quot;,&quot;size&quot;:&quot;1&quot;,&quot;sizes&quot;:[]},&quot;motion_fx_motion_fx_scrolling&quot;:&quot;yes&quot;,&quot;motion_fx_translateY_affectedRange&quot;:{&quot;unit&quot;:&quot;%&quot;,&quot;size&quot;:&quot;&quot;,&quot;sizes&quot;:{&quot;start&quot;:0,&quot;end&quot;:100}},&quot;motion_fx_devices&quot;:[&quot;desktop&quot;,&quot;tablet&quot;,&quot;mobile&quot;]}\" data-widget_type=\"image.default\">\n\t\t\t\t<div class=\"elementor-widget-container\">\n\t\t\t\t\t\t\t\t\t\t\t\t\t\t\t<img decoding=\"async\" width=\"1100\" height=\"392\" src=\"https:\/\/kitdigitalpara.com\/wp-content\/uploads\/2023\/12\/kitDigitalParaSegmentos.jpeg\" class=\"attachment-full size-full wp-image-632\" alt=\"\" srcset=\"https:\/\/kitdigitalpara.com\/wp-content\/uploads\/2023\/12\/kitDigitalParaSegmentos.jpeg 1100w, https:\/\/kitdigitalpara.com\/wp-content\/uploads\/2023\/12\/kitDigitalParaSegmentos-300x107.jpeg 300w, https:\/\/kitdigitalpara.com\/wp-content\/uploads\/2023\/12\/kitDigitalParaSegmentos-1024x365.jpeg 1024w, https:\/\/kitdigitalpara.com\/wp-content\/uploads\/2023\/12\/kitDigitalParaSegmentos-768x274.jpeg 768w\" sizes=\"(max-width: 1100px) 100vw, 1100px\" \/>\t\t\t\t\t\t\t\t\t\t\t\t\t\t\t<\/div>\n\t\t\t\t<\/div>\n\t\t\t\t<\/div>\n\t\t<div class=\"elementor-element elementor-element-8bc8983 e-con-full e-flex e-con e-child\" data-id=\"8bc8983\" data-element_type=\"container\">\n\t\t\t\t<div class=\"elementor-element elementor-element-39dfba4 elementor-widget elementor-widget-heading\" data-id=\"39dfba4\" data-element_type=\"widget\" data-widget_type=\"heading.default\">\n\t\t\t\t<div class=\"elementor-widget-container\">\n\t\t\t\t\t<h3 class=\"elementor-heading-title elementor-size-default\">Aprovecha el bono digital para potenciar tu empresa<\/h3>\t\t\t\t<\/div>\n\t\t\t\t<\/div>\n\t\t\t\t<div class=\"elementor-element elementor-element-f7b7f48 elementor-widget elementor-widget-heading\" data-id=\"f7b7f48\" data-element_type=\"widget\" data-settings=\"{&quot;motion_fx_motion_fx_scrolling&quot;:&quot;yes&quot;,&quot;motion_fx_translateY_effect&quot;:&quot;yes&quot;,&quot;motion_fx_translateY_speed&quot;:{&quot;unit&quot;:&quot;px&quot;,&quot;size&quot;:&quot;0.5&quot;,&quot;sizes&quot;:[]},&quot;motion_fx_translateY_affectedRange&quot;:{&quot;unit&quot;:&quot;%&quot;,&quot;size&quot;:&quot;&quot;,&quot;sizes&quot;:{&quot;start&quot;:&quot;0&quot;,&quot;end&quot;:&quot;50&quot;}},&quot;motion_fx_opacity_effect&quot;:&quot;yes&quot;,&quot;motion_fx_opacity_range&quot;:{&quot;unit&quot;:&quot;%&quot;,&quot;size&quot;:&quot;&quot;,&quot;sizes&quot;:{&quot;start&quot;:&quot;0&quot;,&quot;end&quot;:&quot;50&quot;}},&quot;motion_fx_devices&quot;:[&quot;desktop&quot;,&quot;mobile&quot;],&quot;motion_fx_opacity_direction&quot;:&quot;out-in&quot;,&quot;motion_fx_opacity_level&quot;:{&quot;unit&quot;:&quot;px&quot;,&quot;size&quot;:10,&quot;sizes&quot;:[]}}\" data-widget_type=\"heading.default\">\n\t\t\t\t<div class=\"elementor-widget-container\">\n\t\t\t\t\t<h2 class=\"elementor-heading-title elementor-size-default\">Caracter\u00edsticas del kit<\/h2>\t\t\t\t<\/div>\n\t\t\t\t<\/div>\n\t\t\t\t<div class=\"elementor-element elementor-element-5f185f2 elementor-widget elementor-widget-text-editor\" data-id=\"5f185f2\" data-element_type=\"widget\" data-widget_type=\"text-editor.default\">\n\t\t\t\t<div class=\"elementor-widget-container\">\n\t\t\t\t\t\t\t\t\t<ul class=\"ms-rteElement-Parrafo_Normal\"><li>Solo hay que pagar el IVA.<\/li><li>Tarda unos 2 meses en adjudicarse.<\/li><li>Si eres del tramo de 0 a 2 trabajadores, solo puedes optar a un servicio del kit.<\/li><li>La tramitaci\u00f3n, adjudicaci\u00f3n, ejecuci\u00f3n y justificaci\u00f3n los asumimos y los gestionamos.<\/li><li>La solicitud de la subvenci\u00f3n termina el 2024.<\/li><li>Tienes 12 meses de soporte incluidos.<\/li><\/ul>\t\t\t\t\t\t\t\t<\/div>\n\t\t\t\t<\/div>\n\t\t\t\t<div class=\"elementor-element elementor-element-12c8777 elementor-mobile-align-center elementor-widget elementor-widget-button\" data-id=\"12c8777\" data-element_type=\"widget\" id=\"volver requisitos\" data-widget_type=\"button.default\">\n\t\t\t\t<div class=\"elementor-widget-container\">\n\t\t\t\t\t\t\t\t\t<div class=\"elementor-button-wrapper\">\n\t\t\t\t\t<a class=\"elementor-button elementor-button-link elementor-size-md\" href=\"http:\/\/kitdigitalpara.com\/ca\/\" requisitos=\"\">\n\t\t\t\t\t\t<span class=\"elementor-button-content-wrapper\">\n\t\t\t\t\t\t<span class=\"elementor-button-icon\">\n\t\t\t\t<svg aria-hidden=\"true\" class=\"e-font-icon-svg e-fas-arrow-left\" viewbox=\"0 0 448 512\" xmlns=\"http:\/\/www.w3.org\/2000\/svg\"><path d=\"M257.5 445.1l-22.2 22.2c-9.4 9.4-24.6 9.4-33.9 0L7 273c-9.4-9.4-9.4-24.6 0-33.9L201.4 44.7c9.4-9.4 24.6-9.4 33.9 0l22.2 22.2c9.5 9.5 9.3 25-.4 34.3L136.6 216H424c13.3 0 24 10.7 24 24v32c0 13.3-10.7 24-24 24H136.6l120.5 114.8c9.8 9.3 10 24.8.4 34.3z\"><\/path><\/svg>\t\t\t<\/span>\n\t\t\t\t\t\t\t\t\t<span class=\"elementor-button-text\">Volver<\/span>\n\t\t\t\t\t<\/span>\n\t\t\t\t\t<\/a>\n\t\t\t\t<\/div>\n\t\t\t\t\t\t\t\t<\/div>\n\t\t\t\t<\/div>\n\t\t\t\t<\/div>\n\t\t\t\t\t<\/div>\n\t\t\t\t<\/div>\n\t\t\t\t<\/div>\n\t\t\t\t<\/div>","protected":false},"excerpt":{"rendered":"<p>\u00bfCu\u00e1les son los requisitos? Ser aut\u00f3nomo, SL, SA, SLU, ONG, asociaci\u00f3n, club, federaci\u00f3n, colegio, cooperativa&#8230; Y llevar m\u00e1s de 6 meses en activo. Los \u00fanicos que no pueden solicitarlo son las comunidades de bienes, las asociaciones sin \u00e1nimo de lucro (que no tengan un IAE) y los CIF con J. No tener consideraci\u00f3n de empresa [&hellip;]<\/p>","protected":false},"author":1,"featured_media":0,"parent":0,"menu_order":0,"comment_status":"closed","ping_status":"closed","template":"","meta":{"footnotes":""},"class_list":["post-282","page","type-page","status-publish","hentry"],"_links":{"self":[{"href":"https:\/\/kitdigitalpara.com\/ca\/wp-json\/wp\/v2\/pages\/282","targetHints":{"allow":["GET"]}}],"collection":[{"href":"https:\/\/kitdigitalpara.com\/ca\/wp-json\/wp\/v2\/pages"}],"about":[{"href":"https:\/\/kitdigitalpara.com\/ca\/wp-json\/wp\/v2\/types\/page"}],"author":[{"embeddable":true,"href":"https:\/\/kitdigitalpara.com\/ca\/wp-json\/wp\/v2\/users\/1"}],"replies":[{"embeddable":true,"href":"https:\/\/kitdigitalpara.com\/ca\/wp-json\/wp\/v2\/comments?post=282"}],"version-history":[{"count":5,"href":"https:\/\/kitdigitalpara.com\/ca\/wp-json\/wp\/v2\/pages\/282\/revisions"}],"predecessor-version":[{"id":725,"href":"https:\/\/kitdigitalpara.com\/ca\/wp-json\/wp\/v2\/pages\/282\/revisions\/725"}],"wp:attachment":[{"href":"https:\/\/kitdigitalpara.com\/ca\/wp-json\/wp\/v2\/media?parent=282"}],"curies":[{"name":"wp","href":"https:\/\/api.w.org\/{rel}","templated":true}]}}