{"id":381,"date":"2023-12-29T12:32:35","date_gmt":"2023-12-29T11:32:35","guid":{"rendered":"http:\/\/kitdigitalpara.com\/?page_id=381"},"modified":"2023-12-29T12:46:46","modified_gmt":"2023-12-29T11:46:46","slug":"comercio-electronico","status":"publish","type":"page","link":"https:\/\/kitdigitalpara.com\/ca\/comercio-electronico\/","title":{"rendered":"Comercio electr\u00f3nico"},"content":{"rendered":"<div data-elementor-type=\"wp-page\" data-elementor-id=\"381\" class=\"elementor elementor-381\" data-elementor-post-type=\"page\">\n\t\t\t\t<div class=\"elementor-element elementor-element-7b5864b9 e-flex e-con-boxed e-con e-parent\" data-id=\"7b5864b9\" data-element_type=\"container\" id=\"comercio electronico\" data-settings=\"{&quot;background_background&quot;:&quot;gradient&quot;,&quot;shape_divider_bottom&quot;:&quot;waves&quot;}\">\n\t\t\t\t\t<div class=\"e-con-inner\">\n\t\t\t\t<div class=\"elementor-shape elementor-shape-bottom\" aria-hidden=\"true\" data-negative=\"false\">\n\t\t\t<svg xmlns=\"http:\/\/www.w3.org\/2000\/svg\" viewbox=\"0 0 1000 100\" preserveaspectratio=\"none\">\n\t<path class=\"elementor-shape-fill\" d=\"M421.9,6.5c22.6-2.5,51.5,0.4,75.5,5.3c23.6,4.9,70.9,23.5,100.5,35.7c75.8,32.2,133.7,44.5,192.6,49.7\tc23.6,2.1,48.7,3.5,103.4-2.5c54.7-6,106.2-25.6,106.2-25.6V0H0v30.3c0,0,72,32.6,158.4,30.5c39.2-0.7,92.8-6.7,134-22.4\tc21.2-8.1,52.2-18.2,79.7-24.2C399.3,7.9,411.6,7.5,421.9,6.5z\"\/>\n<\/svg>\t\t<\/div>\n\t\t<div class=\"elementor-element elementor-element-76cb18c7 e-con-full e-flex e-con e-child\" data-id=\"76cb18c7\" data-element_type=\"container\">\n\t\t\t\t<div class=\"elementor-element elementor-element-6f055e8f elementor-widget elementor-widget-heading\" data-id=\"6f055e8f\" data-element_type=\"widget\" data-widget_type=\"heading.default\">\n\t\t\t\t<div class=\"elementor-widget-container\">\n\t\t\t\t\t<h1 class=\"elementor-heading-title elementor-size-default\">Comercio electr\u00f3nico<\/h1>\t\t\t\t<\/div>\n\t\t\t\t<\/div>\n\t\t\t\t<div class=\"elementor-element elementor-element-60058ae7 elementor-widget elementor-widget-heading\" data-id=\"60058ae7\" data-element_type=\"widget\" data-widget_type=\"heading.default\">\n\t\t\t\t<div class=\"elementor-widget-container\">\n\t\t\t\t\t<h3 class=\"elementor-heading-title elementor-size-default\">Creamos y dise\u00f1amos tu tienda en l\u00ednea a medida<\/h3>\t\t\t\t<\/div>\n\t\t\t\t<\/div>\n\t\t\t\t<div class=\"elementor-element elementor-element-5d1e9994 elementor-widget elementor-widget-text-editor\" data-id=\"5d1e9994\" data-element_type=\"widget\" data-widget_type=\"text-editor.default\">\n\t\t\t\t<div class=\"elementor-widget-container\">\n\t\t\t\t\t\t\t\t\t<p>Dominio propio con registro durante un a\u00f1o<br \/>Dise\u00f1o de Ecommerce autogestionable y Prestashop, con importaci\u00f3n de hasta 100 referencias.<br \/>Inclusi\u00f3n de Logo y colores corporativos a la maquetaci\u00f3n<br \/>Dise\u00f1o\u00a0responsive<br \/>SEO\u00a0B\u00e1sico: An\u00e1lisis de palabras clave, Sede Donde-Page, indexaci\u00f3n y auditor\u00eda\u00a0SEO<br \/>Dise\u00f1o Avanzado<br \/>Adaptaci\u00f3n de la RGPD<br \/>Accesibilidad\u00a0AA<br \/>Un a\u00f1o de mantenimiento, apoyo y formaci\u00f3n<br \/>Alojamiento web durante un a\u00f1o<\/p>\t\t\t\t\t\t\t\t<\/div>\n\t\t\t\t<\/div>\n\t\t\t\t<div class=\"elementor-element elementor-element-41a00065 elementor-mobile-align-center elementor-widget elementor-widget-button\" data-id=\"41a00065\" data-element_type=\"widget\" id=\"volver comercio\" data-widget_type=\"button.default\">\n\t\t\t\t<div class=\"elementor-widget-container\">\n\t\t\t\t\t\t\t\t\t<div class=\"elementor-button-wrapper\">\n\t\t\t\t\t<a class=\"elementor-button elementor-button-link elementor-size-md\" href=\"http:\/\/kitdigitalpara.com\/ca\/\">\n\t\t\t\t\t\t<span class=\"elementor-button-content-wrapper\">\n\t\t\t\t\t\t<span class=\"elementor-button-icon\">\n\t\t\t\t<svg aria-hidden=\"true\" class=\"e-font-icon-svg e-fas-arrow-left\" viewbox=\"0 0 448 512\" xmlns=\"http:\/\/www.w3.org\/2000\/svg\"><path d=\"M257.5 445.1l-22.2 22.2c-9.4 9.4-24.6 9.4-33.9 0L7 273c-9.4-9.4-9.4-24.6 0-33.9L201.4 44.7c9.4-9.4 24.6-9.4 33.9 0l22.2 22.2c9.5 9.5 9.3 25-.4 34.3L136.6 216H424c13.3 0 24 10.7 24 24v32c0 13.3-10.7 24-24 24H136.6l120.5 114.8c9.8 9.3 10 24.8.4 34.3z\"><\/path><\/svg>\t\t\t<\/span>\n\t\t\t\t\t\t\t\t\t<span class=\"elementor-button-text\">Volver<\/span>\n\t\t\t\t\t<\/span>\n\t\t\t\t\t<\/a>\n\t\t\t\t<\/div>\n\t\t\t\t\t\t\t\t<\/div>\n\t\t\t\t<\/div>\n\t\t\t\t<\/div>\n\t\t<div class=\"elementor-element elementor-element-276817d5 e-con-full e-flex e-con e-child\" data-id=\"276817d5\" data-element_type=\"container\">\n\t\t\t\t<div class=\"elementor-element elementor-element-7253dd4c elementor-widget elementor-widget-image\" data-id=\"7253dd4c\" data-element_type=\"widget\" data-settings=\"{&quot;motion_fx_motion_fx_scrolling&quot;:&quot;yes&quot;,&quot;motion_fx_translateY_effect&quot;:&quot;yes&quot;,&quot;motion_fx_translateY_speed&quot;:{&quot;unit&quot;:&quot;px&quot;,&quot;size&quot;:&quot;1&quot;,&quot;sizes&quot;:[]},&quot;_animation&quot;:&quot;none&quot;,&quot;motion_fx_translateY_affectedRange&quot;:{&quot;unit&quot;:&quot;%&quot;,&quot;size&quot;:&quot;&quot;,&quot;sizes&quot;:{&quot;start&quot;:0,&quot;end&quot;:100}},&quot;motion_fx_devices&quot;:[&quot;desktop&quot;,&quot;tablet&quot;,&quot;mobile&quot;]}\" data-widget_type=\"image.default\">\n\t\t\t\t<div class=\"elementor-widget-container\">\n\t\t\t\t\t\t\t\t\t\t\t\t\t\t\t<img fetchpriority=\"high\" decoding=\"async\" width=\"474\" height=\"266\" src=\"https:\/\/kitdigitalpara.com\/wp-content\/uploads\/2023\/12\/kitDigitalParaComercio.jpeg\" class=\"attachment-full size-full wp-image-627\" alt=\"\" srcset=\"https:\/\/kitdigitalpara.com\/wp-content\/uploads\/2023\/12\/kitDigitalParaComercio.jpeg 474w, https:\/\/kitdigitalpara.com\/wp-content\/uploads\/2023\/12\/kitDigitalParaComercio-300x168.jpeg 300w\" sizes=\"(max-width: 474px) 100vw, 474px\" \/>\t\t\t\t\t\t\t\t\t\t\t\t\t\t\t<\/div>\n\t\t\t\t<\/div>\n\t\t\t\t<\/div>\n\t\t\t\t\t<\/div>\n\t\t\t\t<\/div>\n\t\t\t\t<\/div>","protected":false},"excerpt":{"rendered":"<p>Comercio electr\u00f3nico Creamos y dise\u00f1amos tu tienda en l\u00ednea a medida Dominio propio con registro durante un a\u00f1oDise\u00f1o de Ecommerce autogestionable y Prestashop, con importaci\u00f3n de hasta 100 referencias.Inclusi\u00f3n de Logo y colores corporativos a la maquetaci\u00f3nDise\u00f1o\u00a0responsiveSEO\u00a0B\u00e1sico: An\u00e1lisis de palabras clave, Sede Donde-Page, indexaci\u00f3n y auditor\u00eda\u00a0SEODise\u00f1o AvanzadoAdaptaci\u00f3n de la RGPDAccesibilidad\u00a0AAUn a\u00f1o de mantenimiento, apoyo y [&hellip;]<\/p>","protected":false},"author":1,"featured_media":0,"parent":0,"menu_order":0,"comment_status":"closed","ping_status":"closed","template":"","meta":{"footnotes":""},"class_list":["post-381","page","type-page","status-publish","hentry"],"_links":{"self":[{"href":"https:\/\/kitdigitalpara.com\/ca\/wp-json\/wp\/v2\/pages\/381","targetHints":{"allow":["GET"]}}],"collection":[{"href":"https:\/\/kitdigitalpara.com\/ca\/wp-json\/wp\/v2\/pages"}],"about":[{"href":"https:\/\/kitdigitalpara.com\/ca\/wp-json\/wp\/v2\/types\/page"}],"author":[{"embeddable":true,"href":"https:\/\/kitdigitalpara.com\/ca\/wp-json\/wp\/v2\/users\/1"}],"replies":[{"embeddable":true,"href":"https:\/\/kitdigitalpara.com\/ca\/wp-json\/wp\/v2\/comments?post=381"}],"version-history":[{"count":5,"href":"https:\/\/kitdigitalpara.com\/ca\/wp-json\/wp\/v2\/pages\/381\/revisions"}],"predecessor-version":[{"id":630,"href":"https:\/\/kitdigitalpara.com\/ca\/wp-json\/wp\/v2\/pages\/381\/revisions\/630"}],"wp:attachment":[{"href":"https:\/\/kitdigitalpara.com\/ca\/wp-json\/wp\/v2\/media?parent=381"}],"curies":[{"name":"wp","href":"https:\/\/api.w.org\/{rel}","templated":true}]}}