{"id":383,"date":"2023-12-28T16:50:43","date_gmt":"2023-12-28T15:50:43","guid":{"rendered":"http:\/\/kitdigitalpara.com\/?page_id=383"},"modified":"2023-12-29T12:28:40","modified_gmt":"2023-12-29T11:28:40","slug":"gestion-de-redes-sociales-2","status":"publish","type":"page","link":"https:\/\/kitdigitalpara.com\/ca\/gestion-de-redes-sociales-2\/","title":{"rendered":"GESTI\u00d3N DE REDES SOCIALES"},"content":{"rendered":"<div data-elementor-type=\"wp-page\" data-elementor-id=\"383\" class=\"elementor elementor-383\" data-elementor-post-type=\"page\">\n\t\t\t\t<div class=\"elementor-element elementor-element-3bb4aa45 e-flex e-con-boxed e-con e-parent\" data-id=\"3bb4aa45\" data-element_type=\"container\" id=\"gestion redes\" data-settings=\"{&quot;background_background&quot;:&quot;gradient&quot;,&quot;shape_divider_bottom&quot;:&quot;waves&quot;}\">\n\t\t\t\t\t<div class=\"e-con-inner\">\n\t\t\t\t<div class=\"elementor-shape elementor-shape-bottom\" aria-hidden=\"true\" data-negative=\"false\">\n\t\t\t<svg xmlns=\"http:\/\/www.w3.org\/2000\/svg\" viewbox=\"0 0 1000 100\" preserveaspectratio=\"none\">\n\t<path class=\"elementor-shape-fill\" d=\"M421.9,6.5c22.6-2.5,51.5,0.4,75.5,5.3c23.6,4.9,70.9,23.5,100.5,35.7c75.8,32.2,133.7,44.5,192.6,49.7\tc23.6,2.1,48.7,3.5,103.4-2.5c54.7-6,106.2-25.6,106.2-25.6V0H0v30.3c0,0,72,32.6,158.4,30.5c39.2-0.7,92.8-6.7,134-22.4\tc21.2-8.1,52.2-18.2,79.7-24.2C399.3,7.9,411.6,7.5,421.9,6.5z\"\/>\n<\/svg>\t\t<\/div>\n\t\t<div class=\"elementor-element elementor-element-d546a9c e-con-full e-flex e-con e-child\" data-id=\"d546a9c\" data-element_type=\"container\">\n\t\t\t\t<div class=\"elementor-element elementor-element-7aa60b5f elementor-widget elementor-widget-heading\" data-id=\"7aa60b5f\" data-element_type=\"widget\" data-widget_type=\"heading.default\">\n\t\t\t\t<div class=\"elementor-widget-container\">\n\t\t\t\t\t<h1 class=\"elementor-heading-title elementor-size-default\">Gesti\u00f3n de redes sociales<\/h1>\t\t\t\t<\/div>\n\t\t\t\t<\/div>\n\t\t\t\t<div class=\"elementor-element elementor-element-f6f8c90 elementor-widget elementor-widget-text-editor\" data-id=\"f6f8c90\" data-element_type=\"widget\" data-widget_type=\"text-editor.default\">\n\t\t\t\t<div class=\"elementor-widget-container\">\n\t\t\t\t\t\t\t\t\t<p>Promocionamos tu empresa en las redes sociales de m\u00e1s inter\u00e9s<br \/>Direcci\u00f3n de proyecto personalizada<br \/>Plan de Medios o Estrategia de Redes.<br \/>Monitorizaci\u00f3n de la red social gestionada<br \/>Optimizaci\u00f3n de la red<br \/>4 post mensuales.<br \/>Gesti\u00f3n del perfil duna red social con una publicaci\u00f3n semanal durante 12 meses<br \/><br \/>Segmento 1<br \/><br \/>Precio 2.500 \u20ac*<br \/>Precio con la subvenci\u00f3n 0 \u20ac*<br \/>* Se incrementa la gesti\u00f3n a 2 redes sociales o se aumentan a 8 los posts mensuales.<\/p>\t\t\t\t\t\t\t\t<\/div>\n\t\t\t\t<\/div>\n\t\t\t\t<div class=\"elementor-element elementor-element-ecb11be elementor-mobile-align-center elementor-widget elementor-widget-button\" data-id=\"ecb11be\" data-element_type=\"widget\" data-widget_type=\"button.default\">\n\t\t\t\t<div class=\"elementor-widget-container\">\n\t\t\t\t\t\t\t\t\t<div class=\"elementor-button-wrapper\">\n\t\t\t\t\t<a class=\"elementor-button elementor-button-link elementor-size-md\" href=\"http:\/\/kitdigitalpara.com\/ca\/\" home=\"\" id=\"#Home\">\n\t\t\t\t\t\t<span class=\"elementor-button-content-wrapper\">\n\t\t\t\t\t\t<span class=\"elementor-button-icon\">\n\t\t\t\t<svg aria-hidden=\"true\" class=\"e-font-icon-svg e-fas-arrow-left\" viewbox=\"0 0 448 512\" xmlns=\"http:\/\/www.w3.org\/2000\/svg\"><path d=\"M257.5 445.1l-22.2 22.2c-9.4 9.4-24.6 9.4-33.9 0L7 273c-9.4-9.4-9.4-24.6 0-33.9L201.4 44.7c9.4-9.4 24.6-9.4 33.9 0l22.2 22.2c9.5 9.5 9.3 25-.4 34.3L136.6 216H424c13.3 0 24 10.7 24 24v32c0 13.3-10.7 24-24 24H136.6l120.5 114.8c9.8 9.3 10 24.8.4 34.3z\"><\/path><\/svg>\t\t\t<\/span>\n\t\t\t\t\t\t\t\t\t<span class=\"elementor-button-text\">Volver<\/span>\n\t\t\t\t\t<\/span>\n\t\t\t\t\t<\/a>\n\t\t\t\t<\/div>\n\t\t\t\t\t\t\t\t<\/div>\n\t\t\t\t<\/div>\n\t\t\t\t<\/div>\n\t\t<div class=\"elementor-element elementor-element-2113c6c2 e-con-full e-flex e-con e-child\" data-id=\"2113c6c2\" data-element_type=\"container\">\n\t\t\t\t<div class=\"elementor-element elementor-element-14589f6a elementor-widget elementor-widget-image\" data-id=\"14589f6a\" data-element_type=\"widget\" data-settings=\"{&quot;motion_fx_motion_fx_scrolling&quot;:&quot;yes&quot;,&quot;motion_fx_translateY_effect&quot;:&quot;yes&quot;,&quot;motion_fx_translateY_speed&quot;:{&quot;unit&quot;:&quot;px&quot;,&quot;size&quot;:&quot;1&quot;,&quot;sizes&quot;:[]},&quot;_animation&quot;:&quot;none&quot;,&quot;motion_fx_translateY_affectedRange&quot;:{&quot;unit&quot;:&quot;%&quot;,&quot;size&quot;:&quot;&quot;,&quot;sizes&quot;:{&quot;start&quot;:0,&quot;end&quot;:100}},&quot;motion_fx_devices&quot;:[&quot;desktop&quot;,&quot;tablet&quot;,&quot;mobile&quot;]}\" data-widget_type=\"image.default\">\n\t\t\t\t<div class=\"elementor-widget-container\">\n\t\t\t\t\t\t\t\t\t\t\t\t\t\t\t<img fetchpriority=\"high\" decoding=\"async\" width=\"1800\" height=\"1165\" src=\"https:\/\/kitdigitalpara.com\/wp-content\/uploads\/2023\/12\/KitDigitalParaGestionRedes.jpeg\" class=\"attachment-full size-full wp-image-485\" alt=\"Kit digital para gestion de redes sociales\" srcset=\"https:\/\/kitdigitalpara.com\/wp-content\/uploads\/2023\/12\/KitDigitalParaGestionRedes.jpeg 1800w, https:\/\/kitdigitalpara.com\/wp-content\/uploads\/2023\/12\/KitDigitalParaGestionRedes-300x194.jpeg 300w, https:\/\/kitdigitalpara.com\/wp-content\/uploads\/2023\/12\/KitDigitalParaGestionRedes-1024x663.jpeg 1024w, https:\/\/kitdigitalpara.com\/wp-content\/uploads\/2023\/12\/KitDigitalParaGestionRedes-768x497.jpeg 768w, https:\/\/kitdigitalpara.com\/wp-content\/uploads\/2023\/12\/KitDigitalParaGestionRedes-1536x994.jpeg 1536w\" sizes=\"(max-width: 1800px) 100vw, 1800px\" \/>\t\t\t\t\t\t\t\t\t\t\t\t\t\t\t<\/div>\n\t\t\t\t<\/div>\n\t\t\t\t<\/div>\n\t\t\t\t\t<\/div>\n\t\t\t\t<\/div>\n\t\t\t\t<\/div>","protected":false},"excerpt":{"rendered":"<p>Gesti\u00f3n de redes sociales Promocionamos tu empresa en las redes sociales de m\u00e1s inter\u00e9sDirecci\u00f3n de proyecto personalizadaPlan de Medios o Estrategia de Redes.Monitorizaci\u00f3n de la red social gestionadaOptimizaci\u00f3n de la red4 post mensuales.Gesti\u00f3n del perfil duna red social con una publicaci\u00f3n semanal durante 12 meses Segmento 1 Precio 2.500 \u20ac*Precio con la subvenci\u00f3n 0 \u20ac** [&hellip;]<\/p>","protected":false},"author":1,"featured_media":0,"parent":0,"menu_order":0,"comment_status":"closed","ping_status":"closed","template":"","meta":{"footnotes":""},"class_list":["post-383","page","type-page","status-publish","hentry"],"_links":{"self":[{"href":"https:\/\/kitdigitalpara.com\/ca\/wp-json\/wp\/v2\/pages\/383","targetHints":{"allow":["GET"]}}],"collection":[{"href":"https:\/\/kitdigitalpara.com\/ca\/wp-json\/wp\/v2\/pages"}],"about":[{"href":"https:\/\/kitdigitalpara.com\/ca\/wp-json\/wp\/v2\/types\/page"}],"author":[{"embeddable":true,"href":"https:\/\/kitdigitalpara.com\/ca\/wp-json\/wp\/v2\/users\/1"}],"replies":[{"embeddable":true,"href":"https:\/\/kitdigitalpara.com\/ca\/wp-json\/wp\/v2\/comments?post=383"}],"version-history":[{"count":5,"href":"https:\/\/kitdigitalpara.com\/ca\/wp-json\/wp\/v2\/pages\/383\/revisions"}],"predecessor-version":[{"id":592,"href":"https:\/\/kitdigitalpara.com\/ca\/wp-json\/wp\/v2\/pages\/383\/revisions\/592"}],"wp:attachment":[{"href":"https:\/\/kitdigitalpara.com\/ca\/wp-json\/wp\/v2\/media?parent=383"}],"curies":[{"name":"wp","href":"https:\/\/api.w.org\/{rel}","templated":true}]}}