{"id":718,"date":"2023-12-29T14:03:59","date_gmt":"2023-12-29T13:03:59","guid":{"rendered":"http:\/\/kitdigitalpara.com\/?page_id=718"},"modified":"2024-01-02T09:39:33","modified_gmt":"2024-01-02T08:39:33","slug":"elementor-718","status":"publish","type":"page","link":"https:\/\/kitdigitalpara.com\/ca\/elementor-718\/","title":{"rendered":"Gesti\u00f3n clientes"},"content":{"rendered":"<div data-elementor-type=\"wp-page\" data-elementor-id=\"718\" class=\"elementor elementor-718\" data-elementor-post-type=\"page\">\n\t\t\t\t<div class=\"elementor-element elementor-element-13126db6 e-flex e-con-boxed e-con e-parent\" data-id=\"13126db6\" data-element_type=\"container\" data-settings=\"{&quot;background_background&quot;:&quot;gradient&quot;,&quot;shape_divider_bottom&quot;:&quot;waves&quot;}\">\n\t\t\t\t\t<div class=\"e-con-inner\">\n\t\t\t\t<div class=\"elementor-shape elementor-shape-bottom\" aria-hidden=\"true\" data-negative=\"false\">\n\t\t\t<svg xmlns=\"http:\/\/www.w3.org\/2000\/svg\" viewbox=\"0 0 1000 100\" preserveaspectratio=\"none\">\n\t<path class=\"elementor-shape-fill\" d=\"M421.9,6.5c22.6-2.5,51.5,0.4,75.5,5.3c23.6,4.9,70.9,23.5,100.5,35.7c75.8,32.2,133.7,44.5,192.6,49.7\tc23.6,2.1,48.7,3.5,103.4-2.5c54.7-6,106.2-25.6,106.2-25.6V0H0v30.3c0,0,72,32.6,158.4,30.5c39.2-0.7,92.8-6.7,134-22.4\tc21.2-8.1,52.2-18.2,79.7-24.2C399.3,7.9,411.6,7.5,421.9,6.5z\"\/>\n<\/svg>\t\t<\/div>\n\t\t<div class=\"elementor-element elementor-element-3b2657eb e-con-full e-flex e-con e-child\" data-id=\"3b2657eb\" data-element_type=\"container\">\n\t\t\t\t<div class=\"elementor-element elementor-element-3ab97bde elementor-widget elementor-widget-heading\" data-id=\"3ab97bde\" data-element_type=\"widget\" data-widget_type=\"heading.default\">\n\t\t\t\t<div class=\"elementor-widget-container\">\n\t\t\t\t\t<h1 class=\"elementor-heading-title elementor-size-default\">Gesti\u00f3n clientes (CRM)<\/h1>\t\t\t\t<\/div>\n\t\t\t\t<\/div>\n\t\t\t\t<div class=\"elementor-element elementor-element-5c62e213 elementor-widget elementor-widget-heading\" data-id=\"5c62e213\" data-element_type=\"widget\" data-widget_type=\"heading.default\">\n\t\t\t\t<div class=\"elementor-widget-container\">\n\t\t\t\t\t<h3 class=\"elementor-heading-title elementor-size-default\">Fomenta el crecimiento de tu empresa.<\/h3>\t\t\t\t<\/div>\n\t\t\t\t<\/div>\n\t\t\t\t<div class=\"elementor-element elementor-element-ae859c3 elementor-widget elementor-widget-text-editor\" data-id=\"ae859c3\" data-element_type=\"widget\" data-widget_type=\"text-editor.default\">\n\t\t\t\t<div class=\"elementor-widget-container\">\n\t\t\t\t\t\t\t\t\t<ul class=\"ms-rteElement-Parrafo_Normal\"><li><strong>Gesti\u00f3n de clientes.<\/strong> Alta, de forma manual o mediante fichero, almacenamiento y consulta de datos de tus contactos comerciales.<\/li><li><strong>Gesti\u00f3n de leads y oportunidades comerciales.<\/strong> Gesti\u00f3n comercial de potenciales clientes con el objetivo de convertirlos en clientes, asign\u00e1ndoles reglas de negocio seg\u00fan diferentes criterios.<\/li><li><strong>Realizaci\u00f3n de acciones o tareas comerciales.<\/strong> Creaci\u00f3n de presupuestos personalizados y asignaci\u00f3n de tareas a usuarios de la herramienta.<\/li><li><strong>Reporting y seguimiento comercial.<\/strong> Seguimiento del listado de oportunidades, generaci\u00f3n de informes para seguimientos y monitorizaci\u00f3n de la actividad comercial.<\/li><li><strong>Alertas.<\/strong> Mensajes que permitan hacer seguimiento de la actividad comercial y gestionar las oportunidades.<\/li><li><strong>Dise\u00f1o Responsive.<\/strong> La herramienta est\u00e1 dise\u00f1ada para ser visualizada en cualquier dispositivo (PC, tablet o m\u00f3vil).<\/li><li><strong>Campa\u00f1as de Email marketing.<\/strong> Env\u00edo de newsletters y comunicaciones a trav\u00e9s de la plataforma de Mailchimp. Te ayudaremos a crear una cuenta, sincronizarla con tu CRM y configurar env\u00edos peri\u00f3dicos a los clientes que selecciones.<\/li><\/ul>\t\t\t\t\t\t\t\t<\/div>\n\t\t\t\t<\/div>\n\t\t\t\t<div class=\"elementor-element elementor-element-64f8ec60 elementor-mobile-align-center elementor-widget elementor-widget-button\" data-id=\"64f8ec60\" data-element_type=\"widget\" id=\"volver crm\" data-widget_type=\"button.default\">\n\t\t\t\t<div class=\"elementor-widget-container\">\n\t\t\t\t\t\t\t\t\t<div class=\"elementor-button-wrapper\">\n\t\t\t\t\t<a class=\"elementor-button elementor-button-link elementor-size-md\" href=\"#about\">\n\t\t\t\t\t\t<span class=\"elementor-button-content-wrapper\">\n\t\t\t\t\t\t<span class=\"elementor-button-icon\">\n\t\t\t\t<svg aria-hidden=\"true\" class=\"e-font-icon-svg e-fas-arrow-left\" viewbox=\"0 0 448 512\" xmlns=\"http:\/\/www.w3.org\/2000\/svg\"><path d=\"M257.5 445.1l-22.2 22.2c-9.4 9.4-24.6 9.4-33.9 0L7 273c-9.4-9.4-9.4-24.6 0-33.9L201.4 44.7c9.4-9.4 24.6-9.4 33.9 0l22.2 22.2c9.5 9.5 9.3 25-.4 34.3L136.6 216H424c13.3 0 24 10.7 24 24v32c0 13.3-10.7 24-24 24H136.6l120.5 114.8c9.8 9.3 10 24.8.4 34.3z\"><\/path><\/svg>\t\t\t<\/span>\n\t\t\t\t\t\t\t\t\t<span class=\"elementor-button-text\">Volver<\/span>\n\t\t\t\t\t<\/span>\n\t\t\t\t\t<\/a>\n\t\t\t\t<\/div>\n\t\t\t\t\t\t\t\t<\/div>\n\t\t\t\t<\/div>\n\t\t\t\t<\/div>\n\t\t<div class=\"elementor-element elementor-element-756fc604 e-con-full e-flex e-con e-child\" data-id=\"756fc604\" data-element_type=\"container\">\n\t\t\t\t<div class=\"elementor-element elementor-element-8b96686 elementor-widget elementor-widget-image\" data-id=\"8b96686\" data-element_type=\"widget\" data-settings=\"{&quot;motion_fx_motion_fx_scrolling&quot;:&quot;yes&quot;,&quot;motion_fx_translateY_effect&quot;:&quot;yes&quot;,&quot;motion_fx_translateY_speed&quot;:{&quot;unit&quot;:&quot;px&quot;,&quot;size&quot;:&quot;1&quot;,&quot;sizes&quot;:[]},&quot;_animation&quot;:&quot;none&quot;,&quot;motion_fx_translateY_affectedRange&quot;:{&quot;unit&quot;:&quot;%&quot;,&quot;size&quot;:&quot;&quot;,&quot;sizes&quot;:{&quot;start&quot;:0,&quot;end&quot;:100}},&quot;motion_fx_devices&quot;:[&quot;desktop&quot;,&quot;tablet&quot;,&quot;mobile&quot;]}\" data-widget_type=\"image.default\">\n\t\t\t\t<div class=\"elementor-widget-container\">\n\t\t\t\t\t\t\t\t\t\t\t\t\t\t\t<img fetchpriority=\"high\" decoding=\"async\" width=\"980\" height=\"586\" src=\"https:\/\/kitdigitalpara.com\/wp-content\/uploads\/2023\/12\/kitDigitalParaGestionClientes.jpeg\" class=\"attachment-full size-full wp-image-729\" alt=\"\" srcset=\"https:\/\/kitdigitalpara.com\/wp-content\/uploads\/2023\/12\/kitDigitalParaGestionClientes.jpeg 980w, https:\/\/kitdigitalpara.com\/wp-content\/uploads\/2023\/12\/kitDigitalParaGestionClientes-300x179.jpeg 300w, https:\/\/kitdigitalpara.com\/wp-content\/uploads\/2023\/12\/kitDigitalParaGestionClientes-768x459.jpeg 768w\" sizes=\"(max-width: 980px) 100vw, 980px\" \/>\t\t\t\t\t\t\t\t\t\t\t\t\t\t\t<\/div>\n\t\t\t\t<\/div>\n\t\t\t\t<\/div>\n\t\t\t\t\t<\/div>\n\t\t\t\t<\/div>\n\t\t\t\t<\/div>","protected":false},"excerpt":{"rendered":"<p>Gesti\u00f3n clientes (CRM) Fomenta el crecimiento de tu empresa. Gesti\u00f3n de clientes. Alta, de forma manual o mediante fichero, almacenamiento y consulta de datos de tus contactos comerciales. Gesti\u00f3n de leads y oportunidades comerciales. Gesti\u00f3n comercial de potenciales clientes con el objetivo de convertirlos en clientes, asign\u00e1ndoles reglas de negocio seg\u00fan diferentes criterios. Realizaci\u00f3n de [&hellip;]<\/p>","protected":false},"author":1,"featured_media":0,"parent":0,"menu_order":0,"comment_status":"closed","ping_status":"closed","template":"","meta":{"footnotes":""},"class_list":["post-718","page","type-page","status-publish","hentry"],"_links":{"self":[{"href":"https:\/\/kitdigitalpara.com\/ca\/wp-json\/wp\/v2\/pages\/718","targetHints":{"allow":["GET"]}}],"collection":[{"href":"https:\/\/kitdigitalpara.com\/ca\/wp-json\/wp\/v2\/pages"}],"about":[{"href":"https:\/\/kitdigitalpara.com\/ca\/wp-json\/wp\/v2\/types\/page"}],"author":[{"embeddable":true,"href":"https:\/\/kitdigitalpara.com\/ca\/wp-json\/wp\/v2\/users\/1"}],"replies":[{"embeddable":true,"href":"https:\/\/kitdigitalpara.com\/ca\/wp-json\/wp\/v2\/comments?post=718"}],"version-history":[{"count":5,"href":"https:\/\/kitdigitalpara.com\/ca\/wp-json\/wp\/v2\/pages\/718\/revisions"}],"predecessor-version":[{"id":752,"href":"https:\/\/kitdigitalpara.com\/ca\/wp-json\/wp\/v2\/pages\/718\/revisions\/752"}],"wp:attachment":[{"href":"https:\/\/kitdigitalpara.com\/ca\/wp-json\/wp\/v2\/media?parent=718"}],"curies":[{"name":"wp","href":"https:\/\/api.w.org\/{rel}","templated":true}]}}